{"id":18682,"date":"2016-03-10T18:51:46","date_gmt":"2016-03-10T17:51:46","guid":{"rendered":"https:\/\/www.mkcompany.es\/conditions-generales-dutilisation\/"},"modified":"2025-07-19T18:37:33","modified_gmt":"2025-07-19T16:37:33","slug":"conditions-generales-dutilisation","status":"publish","type":"page","link":"https:\/\/www.mkcompany.es\/fr\/conditions-generales-dutilisation\/","title":{"rendered":"Conditions g\u00e9n\u00e9rales d&#8217;utilisation"},"content":{"rendered":"<p data-start=\"209\" data-end=\"468\">Conditions d&#8217;utilisation. L&#8217;acc\u00e8s et l&#8217;utilisation du site web de la <strong>SOCIETE MBRWK <\/strong>impliquent l&#8217;acceptation totale et sans r\u00e9serve des pr\u00e9sentes conditions g\u00e9n\u00e9rales. Veuillez les lire attentivement avant de naviguer sur notre site ou d&#8217;utiliser l&#8217;un de ses services.  <\/p>\n<p data-start=\"470\" data-end=\"787\"><strong data-start=\"470\" data-end=\"497\">1. Objet du site Web<\/strong><br data-start=\"497\" data-end=\"500\"> Cette page a pour but de fournir des informations sur les biens \u00e0 vendre ou \u00e0 louer, ainsi que sur les services li\u00e9s au courtage immobilier. Le contenu, les images, les prix et les descriptions sont fournis \u00e0 titre informatif uniquement et peuvent \u00eatre modifi\u00e9s sans pr\u00e9avis. <\/p>\n<p data-start=\"789\" data-end=\"1052\"><strong data-start=\"789\" data-end=\"823\">2. Responsabilit\u00e9 de l&#8217;utilisateur<\/strong><br data-start=\"823\" data-end=\"826\"> L&#8217;utilisateur s&#8217;engage \u00e0 utiliser ce site Web de mani\u00e8re licite, en respectant les r\u00e8gles et en \u00e9vitant toute action susceptible de porter atteinte \u00e0 l&#8217;image, aux int\u00e9r\u00eats ou aux droits de <strong>MBRWK COMPANY<\/strong> ou de tiers.<\/p>\n<p data-start=\"1054\" data-end=\"1301\"><strong data-start=\"1054\" data-end=\"1082\">3. Propri\u00e9t\u00e9 intellectuelle<\/strong><br data-start=\"1082\" data-end=\"1085\"> L&#8217;ensemble du contenu du site (textes, images, logos, design, etc.) est prot\u00e9g\u00e9 par des droits de propri\u00e9t\u00e9 intellectuelle et ne peut \u00eatre reproduit, distribu\u00e9 ou utilis\u00e9 sans autorisation expresse.<\/p>\n<p data-start=\"1303\" data-end=\"1551\"><strong data-start=\"1303\" data-end=\"1328\">4. Liens vers des tiers<\/strong><br data-start=\"1328\" data-end=\"1331\"> Ce site peut contenir des liens vers des sites web externes. <strong>MBRWK COMPANY<\/strong> n&#8217;est pas responsable du contenu, du fonctionnement ou de l&#8217;exactitude de ces sites, qui sont soumis \u00e0 leurs propres conditions g\u00e9n\u00e9rales.<\/p>\n<p data-start=\"1553\" data-end=\"1774\"><strong data-start=\"1553\" data-end=\"1579\">5. Protection des donn\u00e9es<\/strong><br data-start=\"1579\" data-end=\"1582\"> Les donn\u00e9es personnelles sont trait\u00e9es conform\u00e9ment \u00e0 la r\u00e9glementation en vigueur en mati\u00e8re de protection des donn\u00e9es. Pour plus d&#8217;informations, veuillez consulter notre <a href=\"https:\/\/www.mkcompany.es\/fr\/politique-de-confidentialite\/\">Politique de confidentialit\u00e9<\/a> . <\/p>\n<p data-start=\"1776\" data-end=\"1979\"><strong data-start=\"1776\" data-end=\"1797\">6. Modifications<\/strong><br data-start=\"1797\" data-end=\"1800\"> <strong>MBRWK COMPANY<\/strong> se r\u00e9serve le droit de modifier ces termes et conditions, ainsi que tout aspect du site Web, \u00e0 tout moment et sans pr\u00e9avis.<\/p>\n\n<p><\/p>\n","protected":false},"excerpt":{"rendered":"<p>Conditions d&#8217;utilisation. L&#8217;acc\u00e8s et l&#8217;utilisation du site web de la SOCIETE MBRWK impliquent l&#8217;acceptation totale et sans r\u00e9serve des pr\u00e9sentes conditions g\u00e9n\u00e9rales. Veuillez les lire attentivement avant de naviguer sur notre site ou d&#8217;utiliser l&#8217;un de ses services. 1. Objet du site Web Cette page a pour but de fournir des informations sur les biens [&hellip;]<\/p>\n","protected":false},"author":1,"featured_media":0,"parent":0,"menu_order":0,"comment_status":"closed","ping_status":"closed","template":"","meta":{"footnotes":""},"class_list":["post-18682","page","type-page","status-publish","hentry"],"_links":{"self":[{"href":"https:\/\/www.mkcompany.es\/fr\/wp-json\/wp\/v2\/pages\/18682","targetHints":{"allow":["GET"]}}],"collection":[{"href":"https:\/\/www.mkcompany.es\/fr\/wp-json\/wp\/v2\/pages"}],"about":[{"href":"https:\/\/www.mkcompany.es\/fr\/wp-json\/wp\/v2\/types\/page"}],"author":[{"embeddable":true,"href":"https:\/\/www.mkcompany.es\/fr\/wp-json\/wp\/v2\/users\/1"}],"replies":[{"embeddable":true,"href":"https:\/\/www.mkcompany.es\/fr\/wp-json\/wp\/v2\/comments?post=18682"}],"version-history":[{"count":4,"href":"https:\/\/www.mkcompany.es\/fr\/wp-json\/wp\/v2\/pages\/18682\/revisions"}],"predecessor-version":[{"id":18855,"href":"https:\/\/www.mkcompany.es\/fr\/wp-json\/wp\/v2\/pages\/18682\/revisions\/18855"}],"wp:attachment":[{"href":"https:\/\/www.mkcompany.es\/fr\/wp-json\/wp\/v2\/media?parent=18682"}],"curies":[{"name":"wp","href":"https:\/\/api.w.org\/{rel}","templated":true}]}}